{"id":3150,"date":"2024-04-18T03:03:07","date_gmt":"2024-04-18T07:03:07","guid":{"rendered":"https:\/\/finedental2.wpenginepowered.com\/?page_id=3150"},"modified":"2024-09-23T12:13:42","modified_gmt":"2024-09-23T16:13:42","slug":"instrucciones-tras-la-cirugia-de-implantes-tratamiento-con-implantes","status":"publish","type":"page","link":"https:\/\/www.finedentalcare.com\/es\/patient-instructions\/instructions-following-implant-surgery-implant-treatment\/","title":{"rendered":"Instrucciones tras la cirug\u00eda de implantes \/ tratamiento con implantes"},"content":{"rendered":"<div class=\"row\"  id=\"row-652471658\">\n\n\t<div id=\"col-527595376\" class=\"col medium-8 small-12 large-8\"  >\n\t\t\t\t<div class=\"col-inner\"  >\n\t\t\t\n\t\t\t\n<h1>Instructions Following Implant Surgery Treatment<\/h1>\n<p>Knowing how to care for yourself after <strong><a href=\"https:\/\/www.finedentalcare.com\/services\/dental-implants-in-wayne-nj\/\">dental implant<\/a><\/strong> surgery is essential to a smooth and speedy recovery. Adhering to these steps can help ensure a positive outcome and minimize any potential complications.<\/p>\n<ul>\n<li>It is normal to experience some pain, bleeding, and swelling following oral surgery. Avoid pulling on your lip to view the site, and refrain from touching the area with your tongue or fingers.<\/li>\n<li>Swelling typically increases several days after the surgery. To minimize swelling, apply a cold compress. Use the compress for 20 minutes on and off, as needed. After three days, switch to applying moist heat to reduce swelling.<\/li>\n<li>It is important to take all medications, including antibiotics, as prescribed to prevent infection. To manage pain, you may take ibuprofen or acetaminophen as directed on the label or by our office.<\/li>\n<li>For a few days after surgery, stick to a diet of liquids and soft foods.<\/li>\n<li>To help the healing process, start using a warm saltwater rinse\u2014one-half teaspoon of salt in an eight-ounce glass of water\u2014three times daily, starting the day after surgery.<\/li>\n<li>Limit physical activity on the day of surgery and resume normal activities only as soon as you feel comfortable.<\/li>\n<li>For the first 24 hours after surgery, do not use a straw, brush vigorously, rinse, spit, or smoke. Also, avoid foods and drinks that are extremely hot or cold, spicy foods, carbonated drinks, and alcoholic beverages.<\/li>\n<li>Refrain from wearing your denture during the initial week of healing. As healing advances, gradually reintroduce regular denture use.<\/li>\n<li>If excessive bleeding or discomfort persists beyond 48-72 hours, and pain or swelling worsens after a few days, contact our office immediately for assistance.<\/li>\n<\/ul>\n<p>If you have any concerns or persistent symptoms, do not hesitate to <strong><a href=\"https:\/\/www.finedentalcare.com\/contact-us\/\">contact our office<\/a><\/strong> for guidance. Remember, taking good care of yourself helps ensure that the benefits of your procedure last a lifetime.<\/p>\n<p>&nbsp;<\/p>\n\t\t<\/div>\n\t\t\t\t\t<\/div>\n\n\t\n\n\t<div id=\"col-1792386815\" class=\"col medium-4 small-12 large-4\"  >\n\t\t\t\t<div class=\"col-inner\"  >\n\t\t\t\n\t\t\t\n<ul class=\"sidebar-wrapper ul-reset\"><aside id=\"text-13\" class=\"widget widget_text\">\t\t\t<div class=\"textwidget\"><div class=\"wpcf7 no-js\" id=\"wpcf7-f9-o1\" lang=\"en-US\" dir=\"ltr\" data-wpcf7-id=\"9\">\n<div class=\"screen-reader-response\">\n<p role=\"status\" aria-live=\"polite\" aria-atomic=\"true\">\n<ul><\/ul>\n<\/div>\n<form action=\"\/es\/wp-json\/wp\/v2\/pages\/3150#wpcf7-f9-o1\" method=\"post\" class=\"wpcf7-form init cf7mls-no-scroll cf7mls-no-moving-animation\" aria-label=\"Contact form\" novalidate=\"novalidate\" data-status=\"init\">\n<fieldset class=\"hidden-fields-container\"><input type=\"hidden\" name=\"_wpcf7\" value=\"9\" \/><input type=\"hidden\" name=\"_wpcf7_version\" value=\"6.1.5\" \/><input type=\"hidden\" name=\"_wpcf7_locale\" value=\"en_US\" \/><input type=\"hidden\" name=\"_wpcf7_unit_tag\" value=\"wpcf7-f9-o1\" \/><input type=\"hidden\" name=\"_wpcf7_container_post\" value=\"0\" \/><input type=\"hidden\" name=\"_wpcf7_posted_data_hash\" value=\"\" \/><input type=\"hidden\" name=\"_wpcf7cf_hidden_group_fields\" value=\"[]\" \/><input type=\"hidden\" name=\"_wpcf7cf_hidden_groups\" value=\"[]\" \/><input type=\"hidden\" name=\"_wpcf7cf_visible_groups\" value=\"[]\" \/><input type=\"hidden\" name=\"_wpcf7cf_repeaters\" value=\"[]\" \/><input type=\"hidden\" name=\"_wpcf7cf_steps\" value=\"{}\" \/><input type=\"hidden\" name=\"_wpcf7cf_options\" value=\"{&quot;form_id&quot;:9,&quot;conditions&quot;:[],&quot;settings&quot;:{&quot;animation&quot;:&quot;yes&quot;,&quot;animation_intime&quot;:200,&quot;animation_outtime&quot;:200,&quot;conditions_ui&quot;:&quot;normal&quot;,&quot;notice_dismissed&quot;:false,&quot;notice_dismissed_rollback-cf7-5.8.3&quot;:true,&quot;notice_dismissed_rollback-cf7-5.8.7&quot;:true}}\" \/><br \/>\n<\/fieldset>\n<p><center><\/p>\n<h3>FREE CONSULTATION<br \/>\n\t<\/h3>\n<p><\/center><\/p>\n<hr \/>\n<p><center><\/p>\n<p><span class=\"wpcf7-form-control-wrap\" data-name=\"your-name\"><input size=\"40\" maxlength=\"400\" class=\"wpcf7-form-control wpcf7-text wpcf7-validates-as-required\" aria-required=\"true\" aria-invalid=\"false\" placeholder=\"Name\" value=\"\" type=\"text\" name=\"your-name\" \/><\/span>\n\t<\/p>\n<p><span class=\"wpcf7-form-control-wrap\" data-name=\"your-email\"><input size=\"40\" maxlength=\"400\" class=\"wpcf7-form-control wpcf7-email wpcf7-validates-as-required wpcf7-text wpcf7-validates-as-email\" aria-required=\"true\" aria-invalid=\"false\" placeholder=\"Email\" value=\"\" type=\"email\" name=\"your-email\" \/><\/span>\n\t<\/p>\n<p><span class=\"wpcf7-form-control-wrap\" data-name=\"tel-545\"><input size=\"40\" maxlength=\"400\" class=\"wpcf7-form-control wpcf7-tel wpcf7-text wpcf7-validates-as-tel\" aria-invalid=\"false\" placeholder=\"Phone Number\" value=\"\" type=\"tel\" name=\"tel-545\" \/><\/span>\n\t<\/p>\n<p><span class=\"wpcf7-form-control-wrap\" data-name=\"your-message\"><textarea cols=\"40\" rows=\"10\" maxlength=\"2000\" class=\"wpcf7-form-control wpcf7-textarea\" aria-invalid=\"false\" placeholder=\"How Can We Help?\" name=\"your-message\"><\/textarea><\/span>\n\t<\/p>\n<p><input class=\"wpcf7-form-control wpcf7-submit has-spinner button\" type=\"submit\" value=\"Submit Request\" \/>\n\t<\/p>\n<p><\/center><input\n                    class=\"apbct_special_field apbct_email_id__wp_contact_form_7\"\n                    name=\"apbct__email_id__wp_contact_form_7\"\n                    aria-label=\"apbct__label_id__wp_contact_form_7\"\n                    type=\"text\" size=\"30\" maxlength=\"200\" autocomplete=\"off\"\n                    value=\"\"\n                \/><\/p>\n<div class=\"wpcf7-response-output\" aria-hidden=\"true\"><\/div>\n<\/form>\n<\/div>\n<\/div>\n\t\t<\/aside>\t\t<aside id=\"flatsome_recent_posts-17\" class=\"widget flatsome_recent_posts\">\t\t<span class=\"widget-title \"><span>Latest Posts<\/span><\/span><div class=\"is-divider small\"><\/div>\t\t<ul>\t\t\n\t\t\n\t\t<li class=\"recent-blog-posts-li\">\n\t\t\t<div class=\"flex-row recent-blog-posts align-top pt-half pb-half\">\n\t\t\t\t<div class=\"flex-col mr-half\">\n\t\t\t\t\t<div class=\"badge post-date  badge-outline\">\n\t\t\t\t\t\t\t<div class=\"badge-inner bg-fill\" style=\"background: url(https:\/\/www.finedentalcare.com\/wp-content\/uploads\/2026\/04\/Loose-Dentures-in-Wayne-NJ-Video-Demo-Free-Implant-Consults-280x280.jpg); border:0;\">\n                                \t\t\t\t\t\t\t<\/div>\n\t\t\t\t\t<\/div>\n\t\t\t\t<\/div>\n\t\t\t\t<div class=\"flex-col flex-grow\">\n\t\t\t\t\t  <a href=\"https:\/\/www.finedentalcare.com\/stabilize-loose-dentures-with-mini-dental-implants-video-demo\/\" title=\"Stabilize Loose Dentures With Mini Dental Implants [Video Demo]\">Stabilize Loose Dentures With Mini Dental Implants [Video Demo]<\/a>\n\t\t\t\t   \t  <span class=\"post_comments op-7 block is-xsmall\"><a href=\"https:\/\/www.finedentalcare.com\/stabilize-loose-dentures-with-mini-dental-implants-video-demo\/#respond\"><\/a><\/span>\n\t\t\t\t<\/div>\n\t\t\t<\/div>\n\t\t<\/li>\n\t\t\n\t\t\n\t\t<li class=\"recent-blog-posts-li\">\n\t\t\t<div class=\"flex-row recent-blog-posts align-top pt-half pb-half\">\n\t\t\t\t<div class=\"flex-col mr-half\">\n\t\t\t\t\t<div class=\"badge post-date  badge-outline\">\n\t\t\t\t\t\t\t<div class=\"badge-inner bg-fill\" style=\"background: url(https:\/\/www.finedentalcare.com\/wp-content\/uploads\/2026\/04\/Clear-Aligners-in-Wayne-NJ-Video-Breakdown-Free-Consultations-280x280.jpg); border:0;\">\n                                \t\t\t\t\t\t\t<\/div>\n\t\t\t\t\t<\/div>\n\t\t\t\t<\/div>\n\t\t\t\t<div class=\"flex-col flex-grow\">\n\t\t\t\t\t  <a href=\"https:\/\/www.finedentalcare.com\/clear-aligners-vs-traditional-braces-a-video-breakdown\/\" title=\"Clear Aligners vs. Traditional Braces [A Video Breakdown]\">Clear Aligners vs. Traditional Braces [A Video Breakdown]<\/a>\n\t\t\t\t   \t  <span class=\"post_comments op-7 block is-xsmall\"><a href=\"https:\/\/www.finedentalcare.com\/clear-aligners-vs-traditional-braces-a-video-breakdown\/#respond\"><\/a><\/span>\n\t\t\t\t<\/div>\n\t\t\t<\/div>\n\t\t<\/li>\n\t\t\n\t\t\n\t\t<li class=\"recent-blog-posts-li\">\n\t\t\t<div class=\"flex-row recent-blog-posts align-top pt-half pb-half\">\n\t\t\t\t<div class=\"flex-col mr-half\">\n\t\t\t\t\t<div class=\"badge post-date  badge-outline\">\n\t\t\t\t\t\t\t<div class=\"badge-inner bg-fill\" style=\"background: url(https:\/\/www.finedentalcare.com\/wp-content\/uploads\/2026\/04\/Tooth-Loss-in-Wayne-NJ-Video-Walkthrough-Free-Implant-Consult-280x280.jpg); border:0;\">\n                                \t\t\t\t\t\t\t<\/div>\n\t\t\t\t\t<\/div>\n\t\t\t\t<\/div>\n\t\t\t\t<div class=\"flex-col flex-grow\">\n\t\t\t\t\t  <a href=\"https:\/\/www.finedentalcare.com\/tooth-loss-why-it-happens-and-what-to-do-next-video-guide\/\" title=\"Tooth Loss: Why it Happens and What To Do Next [Video Guide]\">Tooth Loss: Why it Happens and What To Do Next [Video Guide]<\/a>\n\t\t\t\t   \t  <span class=\"post_comments op-7 block is-xsmall\"><a href=\"https:\/\/www.finedentalcare.com\/tooth-loss-why-it-happens-and-what-to-do-next-video-guide\/#respond\"><\/a><\/span>\n\t\t\t\t<\/div>\n\t\t\t<\/div>\n\t\t<\/li>\n\t\t\n\t\t\n\t\t<li class=\"recent-blog-posts-li\">\n\t\t\t<div class=\"flex-row recent-blog-posts align-top pt-half pb-half\">\n\t\t\t\t<div class=\"flex-col mr-half\">\n\t\t\t\t\t<div class=\"badge post-date  badge-outline\">\n\t\t\t\t\t\t\t<div class=\"badge-inner bg-fill\" style=\"background: url(https:\/\/www.finedentalcare.com\/wp-content\/uploads\/2026\/03\/Permanent-Teeth-in-Wayne-NJ-Video-FAQs-Free-Implant-Consults-280x280.jpg); border:0;\">\n                                \t\t\t\t\t\t\t<\/div>\n\t\t\t\t\t<\/div>\n\t\t\t\t<\/div>\n\t\t\t\t<div class=\"flex-col flex-grow\">\n\t\t\t\t\t  <a href=\"https:\/\/www.finedentalcare.com\/permanent-teeth-replacement-made-affordable-with-mini-implants-video-faqs\/\" title=\"Permanent Teeth Replacement Made Affordable With Mini Implants [Video FAQs]\">Permanent Teeth Replacement Made Affordable With Mini Implants [Video FAQs]<\/a>\n\t\t\t\t   \t  <span class=\"post_comments op-7 block is-xsmall\"><a href=\"https:\/\/www.finedentalcare.com\/permanent-teeth-replacement-made-affordable-with-mini-implants-video-faqs\/#respond\"><\/a><\/span>\n\t\t\t\t<\/div>\n\t\t\t<\/div>\n\t\t<\/li>\n\t\t\n\t\t\n\t\t<li class=\"recent-blog-posts-li\">\n\t\t\t<div class=\"flex-row recent-blog-posts align-top pt-half pb-half\">\n\t\t\t\t<div class=\"flex-col mr-half\">\n\t\t\t\t\t<div class=\"badge post-date  badge-outline\">\n\t\t\t\t\t\t\t<div class=\"badge-inner bg-fill\" style=\"background: url(https:\/\/www.finedentalcare.com\/wp-content\/uploads\/2026\/03\/Full-Mouth-Reconstruction-Options-in-Wayne-NJ-Restoring-Smiles-280x280.jpg); border:0;\">\n                                \t\t\t\t\t\t\t<\/div>\n\t\t\t\t\t<\/div>\n\t\t\t\t<\/div>\n\t\t\t\t<div class=\"flex-col flex-grow\">\n\t\t\t\t\t  <a href=\"https:\/\/www.finedentalcare.com\/full-mouth-reconstruction-options-in-wayne-nj\/\" title=\"Full Mouth Reconstruction Options in Wayne, NJ\">Full Mouth Reconstruction Options in Wayne, NJ<\/a>\n\t\t\t\t   \t  <span class=\"post_comments op-7 block is-xsmall\"><a href=\"https:\/\/www.finedentalcare.com\/full-mouth-reconstruction-options-in-wayne-nj\/#respond\"><\/a><\/span>\n\t\t\t\t<\/div>\n\t\t\t<\/div>\n\t\t<\/li>\n\t\t\t\t<\/ul>\t\t<\/aside><\/ul>\n\t\t<\/div>\n\t\t\t\t\t<\/div>\n\n\t\n<\/div>\n","protected":false},"excerpt":{"rendered":"","protected":false},"author":4,"featured_media":4941,"parent":3118,"menu_order":0,"comment_status":"closed","ping_status":"closed","template":"","meta":{"rop_custom_images_group":[],"rop_custom_messages_group":[],"rop_publish_now":"initial","rop_publish_now_accounts":{"gmb_109265489736877664202_accounts\/109265489736877664202\/locations\/9174194691047100879":"","twitter_1747339366526070784_1747339366526070784":"","gmb_109265489736877664202_accounts\/109265489736877664202\/locations\/10671430698603352902":""},"rop_publish_now_history":[],"rop_publish_now_status":"pending","footnotes":""},"class_list":["post-3150","page","type-page","status-publish","has-post-thumbnail","hentry"],"yoast_head":"<!-- This site is optimized with the Yoast SEO plugin v27.4 - https:\/\/yoast.com\/product\/yoast-seo-wordpress\/ -->\n<title>Instructions Following Implant Surgery \/ Implant Treatment<\/title>\n<meta name=\"description\" content=\"Following implant treatment at Fine Dental Care, please follow these instructions to ensure optimal healing and recovery.\" \/>\n<meta name=\"robots\" content=\"index, follow, max-snippet:-1, max-image-preview:large, max-video-preview:-1\" \/>\n<link rel=\"canonical\" href=\"https:\/\/www.finedentalcare.com\/es\/instrucciones-para-el-paciente\/instrucciones-tras-la-cirugia-de-implantes-tratamiento-con-implantes\/\" \/>\n<meta property=\"og:locale\" content=\"es_ES\" \/>\n<meta property=\"og:type\" content=\"article\" \/>\n<meta property=\"og:title\" content=\"Instructions Following Implant Surgery \/ Implant Treatment\" \/>\n<meta property=\"og:description\" content=\"Following implant treatment at Fine Dental Care, please follow these instructions to ensure optimal healing and recovery.\" \/>\n<meta property=\"og:url\" content=\"https:\/\/www.finedentalcare.com\/es\/instrucciones-para-el-paciente\/instrucciones-tras-la-cirugia-de-implantes-tratamiento-con-implantes\/\" \/>\n<meta property=\"og:site_name\" content=\"Fine Dental Care in Wayne, NJ\" \/>\n<meta property=\"article:modified_time\" content=\"2024-09-23T16:13:42+00:00\" \/>\n<meta property=\"og:image\" content=\"https:\/\/www.finedentalcare.com\/wp-content\/uploads\/2024\/09\/Implant-Treatment.jpg\" \/>\n\t<meta property=\"og:image:width\" content=\"500\" \/>\n\t<meta property=\"og:image:height\" content=\"289\" \/>\n\t<meta property=\"og:image:type\" content=\"image\/jpeg\" \/>\n<meta name=\"twitter:card\" content=\"summary_large_image\" \/>\n<meta name=\"twitter:label1\" content=\"Tiempo de lectura\" \/>\n\t<meta name=\"twitter:data1\" content=\"2 minutos\" \/>\n<script type=\"application\/ld+json\" class=\"yoast-schema-graph\">{\"@context\":\"https:\\\/\\\/schema.org\",\"@graph\":[{\"@type\":\"WebPage\",\"@id\":\"https:\\\/\\\/www.finedentalcare.com\\\/patient-instructions\\\/instructions-following-implant-surgery-implant-treatment\\\/\",\"url\":\"https:\\\/\\\/www.finedentalcare.com\\\/patient-instructions\\\/instructions-following-implant-surgery-implant-treatment\\\/\",\"name\":\"Instructions Following Implant Surgery \\\/ Implant Treatment\",\"isPartOf\":{\"@id\":\"https:\\\/\\\/www.finedentalcare.com\\\/#website\"},\"primaryImageOfPage\":{\"@id\":\"https:\\\/\\\/www.finedentalcare.com\\\/patient-instructions\\\/instructions-following-implant-surgery-implant-treatment\\\/#primaryimage\"},\"image\":{\"@id\":\"https:\\\/\\\/www.finedentalcare.com\\\/patient-instructions\\\/instructions-following-implant-surgery-implant-treatment\\\/#primaryimage\"},\"thumbnailUrl\":\"https:\\\/\\\/www.finedentalcare.com\\\/wp-content\\\/uploads\\\/2024\\\/09\\\/Implant-Treatment.jpg\",\"datePublished\":\"2024-04-18T07:03:07+00:00\",\"dateModified\":\"2024-09-23T16:13:42+00:00\",\"description\":\"Following implant treatment at Fine Dental Care, please follow these instructions to ensure optimal healing and recovery.\",\"breadcrumb\":{\"@id\":\"https:\\\/\\\/www.finedentalcare.com\\\/patient-instructions\\\/instructions-following-implant-surgery-implant-treatment\\\/#breadcrumb\"},\"inLanguage\":\"es\",\"potentialAction\":[{\"@type\":\"ReadAction\",\"target\":[\"https:\\\/\\\/www.finedentalcare.com\\\/patient-instructions\\\/instructions-following-implant-surgery-implant-treatment\\\/\"]}]},{\"@type\":\"ImageObject\",\"inLanguage\":\"es\",\"@id\":\"https:\\\/\\\/www.finedentalcare.com\\\/patient-instructions\\\/instructions-following-implant-surgery-implant-treatment\\\/#primaryimage\",\"url\":\"https:\\\/\\\/www.finedentalcare.com\\\/wp-content\\\/uploads\\\/2024\\\/09\\\/Implant-Treatment.jpg\",\"contentUrl\":\"https:\\\/\\\/www.finedentalcare.com\\\/wp-content\\\/uploads\\\/2024\\\/09\\\/Implant-Treatment.jpg\",\"width\":500,\"height\":289},{\"@type\":\"BreadcrumbList\",\"@id\":\"https:\\\/\\\/www.finedentalcare.com\\\/patient-instructions\\\/instructions-following-implant-surgery-implant-treatment\\\/#breadcrumb\",\"itemListElement\":[{\"@type\":\"ListItem\",\"position\":1,\"name\":\"Home\",\"item\":\"https:\\\/\\\/www.finedentalcare.com\\\/\"},{\"@type\":\"ListItem\",\"position\":2,\"name\":\"Patient Instructions\",\"item\":\"https:\\\/\\\/www.finedentalcare.com\\\/patient-instructions\\\/\"},{\"@type\":\"ListItem\",\"position\":3,\"name\":\"Instructions Following Implant Surgery \\\/ Implant Treatment\"}]},{\"@type\":\"WebSite\",\"@id\":\"https:\\\/\\\/www.finedentalcare.com\\\/#website\",\"url\":\"https:\\\/\\\/www.finedentalcare.com\\\/\",\"name\":\"Fine Dental Care in Wayne, NJ\",\"description\":\"General, Cosmetic &amp; Implant Dentistry in New Jersey\",\"publisher\":{\"@id\":\"https:\\\/\\\/www.finedentalcare.com\\\/#organization\"},\"potentialAction\":[{\"@type\":\"SearchAction\",\"target\":{\"@type\":\"EntryPoint\",\"urlTemplate\":\"https:\\\/\\\/www.finedentalcare.com\\\/?s={search_term_string}\"},\"query-input\":{\"@type\":\"PropertyValueSpecification\",\"valueRequired\":true,\"valueName\":\"search_term_string\"}}],\"inLanguage\":\"es\"},{\"@type\":\"Organization\",\"@id\":\"https:\\\/\\\/www.finedentalcare.com\\\/#organization\",\"name\":\"Mini Dental Implant Centers of America - Wayne, NJ\",\"url\":\"https:\\\/\\\/www.finedentalcare.com\\\/\",\"logo\":{\"@type\":\"ImageObject\",\"inLanguage\":\"es\",\"@id\":\"https:\\\/\\\/www.finedentalcare.com\\\/#\\\/schema\\\/logo\\\/image\\\/\",\"url\":\"https:\\\/\\\/www.finedentalcare.com\\\/wp-content\\\/uploads\\\/2024\\\/05\\\/fine-dental-care-logo.png\",\"contentUrl\":\"https:\\\/\\\/www.finedentalcare.com\\\/wp-content\\\/uploads\\\/2024\\\/05\\\/fine-dental-care-logo.png\",\"width\":1200,\"height\":676,\"caption\":\"Mini Dental Implant Centers of America - Wayne, NJ\"},\"image\":{\"@id\":\"https:\\\/\\\/www.finedentalcare.com\\\/#\\\/schema\\\/logo\\\/image\\\/\"}}]}<\/script>\n<!-- \/ Yoast SEO plugin. -->","yoast_head_json":{"title":"Instrucciones tras la cirug\u00eda de implantes \/ tratamiento con implantes","description":"Despu\u00e9s del tratamiento con implantes en Fine Dental Care, por favor, siga estas instrucciones para asegurar una curaci\u00f3n y recuperaci\u00f3n \u00f3ptimas.","robots":{"index":"index","follow":"follow","max-snippet":"max-snippet:-1","max-image-preview":"max-image-preview:large","max-video-preview":"max-video-preview:-1"},"canonical":"https:\/\/www.finedentalcare.com\/es\/instrucciones-para-el-paciente\/instrucciones-tras-la-cirugia-de-implantes-tratamiento-con-implantes\/","og_locale":"es_ES","og_type":"article","og_title":"Instructions Following Implant Surgery \/ Implant Treatment","og_description":"Following implant treatment at Fine Dental Care, please follow these instructions to ensure optimal healing and recovery.","og_url":"https:\/\/www.finedentalcare.com\/es\/instrucciones-para-el-paciente\/instrucciones-tras-la-cirugia-de-implantes-tratamiento-con-implantes\/","og_site_name":"Fine Dental Care in Wayne, NJ","article_modified_time":"2024-09-23T16:13:42+00:00","og_image":[{"width":500,"height":289,"url":"https:\/\/www.finedentalcare.com\/wp-content\/uploads\/2024\/09\/Implant-Treatment.jpg","type":"image\/jpeg"}],"twitter_card":"summary_large_image","twitter_misc":{"Tiempo de lectura":"2 minutos"},"schema":{"@context":"https:\/\/schema.org","@graph":[{"@type":"WebPage","@id":"https:\/\/www.finedentalcare.com\/patient-instructions\/instructions-following-implant-surgery-implant-treatment\/","url":"https:\/\/www.finedentalcare.com\/patient-instructions\/instructions-following-implant-surgery-implant-treatment\/","name":"Instrucciones tras la cirug\u00eda de implantes \/ tratamiento con implantes","isPartOf":{"@id":"https:\/\/www.finedentalcare.com\/#website"},"primaryImageOfPage":{"@id":"https:\/\/www.finedentalcare.com\/patient-instructions\/instructions-following-implant-surgery-implant-treatment\/#primaryimage"},"image":{"@id":"https:\/\/www.finedentalcare.com\/patient-instructions\/instructions-following-implant-surgery-implant-treatment\/#primaryimage"},"thumbnailUrl":"https:\/\/www.finedentalcare.com\/wp-content\/uploads\/2024\/09\/Implant-Treatment.jpg","datePublished":"2024-04-18T07:03:07+00:00","dateModified":"2024-09-23T16:13:42+00:00","description":"Despu\u00e9s del tratamiento con implantes en Fine Dental Care, por favor, siga estas instrucciones para asegurar una curaci\u00f3n y recuperaci\u00f3n \u00f3ptimas.","breadcrumb":{"@id":"https:\/\/www.finedentalcare.com\/patient-instructions\/instructions-following-implant-surgery-implant-treatment\/#breadcrumb"},"inLanguage":"es","potentialAction":[{"@type":"ReadAction","target":["https:\/\/www.finedentalcare.com\/patient-instructions\/instructions-following-implant-surgery-implant-treatment\/"]}]},{"@type":"ImageObject","inLanguage":"es","@id":"https:\/\/www.finedentalcare.com\/patient-instructions\/instructions-following-implant-surgery-implant-treatment\/#primaryimage","url":"https:\/\/www.finedentalcare.com\/wp-content\/uploads\/2024\/09\/Implant-Treatment.jpg","contentUrl":"https:\/\/www.finedentalcare.com\/wp-content\/uploads\/2024\/09\/Implant-Treatment.jpg","width":500,"height":289},{"@type":"BreadcrumbList","@id":"https:\/\/www.finedentalcare.com\/patient-instructions\/instructions-following-implant-surgery-implant-treatment\/#breadcrumb","itemListElement":[{"@type":"ListItem","position":1,"name":"Home","item":"https:\/\/www.finedentalcare.com\/"},{"@type":"ListItem","position":2,"name":"Patient Instructions","item":"https:\/\/www.finedentalcare.com\/patient-instructions\/"},{"@type":"ListItem","position":3,"name":"Instructions Following Implant Surgery \/ Implant Treatment"}]},{"@type":"WebSite","@id":"https:\/\/www.finedentalcare.com\/#website","url":"https:\/\/www.finedentalcare.com\/","name":"Cuidado dental fino en Wayne, NJ","description":"Odontolog\u00eda general, cosm\u00e9tica y de implantes en Nueva Jersey","publisher":{"@id":"https:\/\/www.finedentalcare.com\/#organization"},"potentialAction":[{"@type":"SearchAction","target":{"@type":"EntryPoint","urlTemplate":"https:\/\/www.finedentalcare.com\/?s={search_term_string}"},"query-input":{"@type":"PropertyValueSpecification","valueRequired":true,"valueName":"search_term_string"}}],"inLanguage":"es"},{"@type":"Organization","@id":"https:\/\/www.finedentalcare.com\/#organization","name":"Mini Dental Implant Centers of America - Wayne, NJ","url":"https:\/\/www.finedentalcare.com\/","logo":{"@type":"ImageObject","inLanguage":"es","@id":"https:\/\/www.finedentalcare.com\/#\/schema\/logo\/image\/","url":"https:\/\/www.finedentalcare.com\/wp-content\/uploads\/2024\/05\/fine-dental-care-logo.png","contentUrl":"https:\/\/www.finedentalcare.com\/wp-content\/uploads\/2024\/05\/fine-dental-care-logo.png","width":1200,"height":676,"caption":"Mini Dental Implant Centers of America - Wayne, NJ"},"image":{"@id":"https:\/\/www.finedentalcare.com\/#\/schema\/logo\/image\/"}}]}},"_links":{"self":[{"href":"https:\/\/www.finedentalcare.com\/es\/wp-json\/wp\/v2\/pages\/3150","targetHints":{"allow":["GET"]}}],"collection":[{"href":"https:\/\/www.finedentalcare.com\/es\/wp-json\/wp\/v2\/pages"}],"about":[{"href":"https:\/\/www.finedentalcare.com\/es\/wp-json\/wp\/v2\/types\/page"}],"author":[{"embeddable":true,"href":"https:\/\/www.finedentalcare.com\/es\/wp-json\/wp\/v2\/users\/4"}],"replies":[{"embeddable":true,"href":"https:\/\/www.finedentalcare.com\/es\/wp-json\/wp\/v2\/comments?post=3150"}],"version-history":[{"count":0,"href":"https:\/\/www.finedentalcare.com\/es\/wp-json\/wp\/v2\/pages\/3150\/revisions"}],"up":[{"embeddable":true,"href":"https:\/\/www.finedentalcare.com\/es\/wp-json\/wp\/v2\/pages\/3118"}],"wp:featuredmedia":[{"embeddable":true,"href":"https:\/\/www.finedentalcare.com\/es\/wp-json\/wp\/v2\/media\/4941"}],"wp:attachment":[{"href":"https:\/\/www.finedentalcare.com\/es\/wp-json\/wp\/v2\/media?parent=3150"}],"curies":[{"name":"wp","href":"https:\/\/api.w.org\/{rel}","templated":true}]}}