{"id":3146,"date":"2024-04-18T03:01:19","date_gmt":"2024-04-18T07:01:19","guid":{"rendered":"https:\/\/finedental2.wpenginepowered.com\/?page_id=3146"},"modified":"2024-09-23T12:18:52","modified_gmt":"2024-09-23T16:18:52","slug":"instrucciones-tras-el-blanqueamiento","status":"publish","type":"page","link":"https:\/\/www.finedentalcare.com\/es\/patient-instructions\/instructions-following-whitening\/","title":{"rendered":"Instrucciones tras el blanqueamiento"},"content":{"rendered":"<div class=\"row\"  id=\"row-1835853955\">\n\n\t<div id=\"col-1563729382\" class=\"col medium-8 small-12 large-8\"  >\n\t\t\t\t<div class=\"col-inner\"  >\n\t\t\t\n\t\t\t\n<h1>Instructions Following Whitening<\/h1>\n<h2>Tips for Our Custom At-Home Whitening Trays<\/h2>\n<ul>\n<li>Follow our office&#8217;s instructions by applying the bleaching gel on the tray, ensuring it contacts the front surfaces of your teeth.<\/li>\n<li>Wear the trays for the recommended duration.<\/li>\n<li>Following application, rinse your mouth and softly brush away any remaining gel from your teeth using a toothbrush with soft bristles.<\/li>\n<li>Thoroughly clean the trays after each use by rinsing them under cool water to remove any residual gel and debris. Allow the trays to air dry completely before storing them in a clean, dry place.<\/li>\n<li>After a <strong><a href=\"https:\/\/www.finedentalcare.com\/services\/teeth-whitening\/\">bleaching treatment<\/a><\/strong>, your teeth are more vulnerable to stains for the first 2 days. During this period, it&#8217;s advisable to steer clear of dark-colored foods and beverages that could discolor your teeth. Consider anything that can stain your clothes as a potential risk to your newly whitened teeth.<\/li>\n<\/ul>\n<p>If you have any questions about our whitening treatments or need further assistance, please don&#8217;t hesitate to <strong><a href=\"https:\/\/www.finedentalcare.com\/contact-us\/\">contact our office<\/a><\/strong>\u2014we&#8217;re here to help!<\/p>\n\t\t<\/div>\n\t\t\t\t\t<\/div>\n\n\t\n\n\t<div id=\"col-178626456\" class=\"col medium-4 small-12 large-4\"  >\n\t\t\t\t<div class=\"col-inner\"  >\n\t\t\t\n\t\t\t\n<ul class=\"sidebar-wrapper ul-reset\"><aside id=\"text-13\" class=\"widget widget_text\">\t\t\t<div class=\"textwidget\"><div class=\"wpcf7 no-js\" id=\"wpcf7-f9-o1\" lang=\"en-US\" dir=\"ltr\" data-wpcf7-id=\"9\">\n<div class=\"screen-reader-response\">\n<p role=\"status\" aria-live=\"polite\" aria-atomic=\"true\">\n<ul><\/ul>\n<\/div>\n<form action=\"\/es\/wp-json\/wp\/v2\/pages\/3146#wpcf7-f9-o1\" method=\"post\" class=\"wpcf7-form init cf7mls-no-scroll cf7mls-no-moving-animation\" aria-label=\"Contact form\" novalidate=\"novalidate\" data-status=\"init\">\n<fieldset class=\"hidden-fields-container\"><input type=\"hidden\" name=\"_wpcf7\" value=\"9\" \/><input type=\"hidden\" name=\"_wpcf7_version\" value=\"6.1.5\" \/><input type=\"hidden\" name=\"_wpcf7_locale\" value=\"en_US\" \/><input type=\"hidden\" name=\"_wpcf7_unit_tag\" value=\"wpcf7-f9-o1\" \/><input type=\"hidden\" name=\"_wpcf7_container_post\" value=\"0\" \/><input type=\"hidden\" name=\"_wpcf7_posted_data_hash\" value=\"\" \/><input type=\"hidden\" name=\"_wpcf7cf_hidden_group_fields\" value=\"[]\" \/><input type=\"hidden\" name=\"_wpcf7cf_hidden_groups\" value=\"[]\" \/><input type=\"hidden\" name=\"_wpcf7cf_visible_groups\" value=\"[]\" \/><input type=\"hidden\" name=\"_wpcf7cf_repeaters\" value=\"[]\" \/><input type=\"hidden\" name=\"_wpcf7cf_steps\" value=\"{}\" \/><input type=\"hidden\" name=\"_wpcf7cf_options\" value=\"{&quot;form_id&quot;:9,&quot;conditions&quot;:[],&quot;settings&quot;:{&quot;animation&quot;:&quot;yes&quot;,&quot;animation_intime&quot;:200,&quot;animation_outtime&quot;:200,&quot;conditions_ui&quot;:&quot;normal&quot;,&quot;notice_dismissed&quot;:false,&quot;notice_dismissed_rollback-cf7-5.8.3&quot;:true,&quot;notice_dismissed_rollback-cf7-5.8.7&quot;:true}}\" \/><br \/>\n<\/fieldset>\n<p><center><\/p>\n<h3>FREE CONSULTATION<br \/>\n\t<\/h3>\n<p><\/center><\/p>\n<hr \/>\n<p><center><\/p>\n<p><span class=\"wpcf7-form-control-wrap\" data-name=\"your-name\"><input size=\"40\" maxlength=\"400\" class=\"wpcf7-form-control wpcf7-text wpcf7-validates-as-required\" aria-required=\"true\" aria-invalid=\"false\" placeholder=\"Name\" value=\"\" type=\"text\" name=\"your-name\" \/><\/span>\n\t<\/p>\n<p><span class=\"wpcf7-form-control-wrap\" data-name=\"your-email\"><input size=\"40\" maxlength=\"400\" class=\"wpcf7-form-control wpcf7-email wpcf7-validates-as-required wpcf7-text wpcf7-validates-as-email\" aria-required=\"true\" aria-invalid=\"false\" placeholder=\"Email\" value=\"\" type=\"email\" name=\"your-email\" \/><\/span>\n\t<\/p>\n<p><span class=\"wpcf7-form-control-wrap\" data-name=\"tel-545\"><input size=\"40\" maxlength=\"400\" class=\"wpcf7-form-control wpcf7-tel wpcf7-text wpcf7-validates-as-tel\" aria-invalid=\"false\" placeholder=\"Phone Number\" value=\"\" type=\"tel\" name=\"tel-545\" \/><\/span>\n\t<\/p>\n<p><span class=\"wpcf7-form-control-wrap\" data-name=\"your-message\"><textarea cols=\"40\" rows=\"10\" maxlength=\"2000\" class=\"wpcf7-form-control wpcf7-textarea\" aria-invalid=\"false\" placeholder=\"How Can We Help?\" name=\"your-message\"><\/textarea><\/span>\n\t<\/p>\n<p><input class=\"wpcf7-form-control wpcf7-submit has-spinner button\" type=\"submit\" value=\"Submit Request\" \/>\n\t<\/p>\n<p><\/center><input\n                    class=\"apbct_special_field apbct_email_id__wp_contact_form_7\"\n                    name=\"apbct__email_id__wp_contact_form_7\"\n                    aria-label=\"apbct__label_id__wp_contact_form_7\"\n                    type=\"text\" size=\"30\" maxlength=\"200\" autocomplete=\"off\"\n                    value=\"\"\n                \/><\/p>\n<div class=\"wpcf7-response-output\" aria-hidden=\"true\"><\/div>\n<\/form>\n<\/div>\n<\/div>\n\t\t<\/aside>\t\t<aside id=\"flatsome_recent_posts-17\" class=\"widget flatsome_recent_posts\">\t\t<span class=\"widget-title \"><span>Latest Posts<\/span><\/span><div class=\"is-divider small\"><\/div>\t\t<ul>\t\t\n\t\t\n\t\t<li class=\"recent-blog-posts-li\">\n\t\t\t<div class=\"flex-row recent-blog-posts align-top pt-half pb-half\">\n\t\t\t\t<div class=\"flex-col mr-half\">\n\t\t\t\t\t<div class=\"badge post-date  badge-outline\">\n\t\t\t\t\t\t\t<div class=\"badge-inner bg-fill\" style=\"background: url(https:\/\/www.finedentalcare.com\/wp-content\/uploads\/2026\/04\/Loose-Dentures-in-Wayne-NJ-Video-Demo-Free-Implant-Consults-280x280.jpg); border:0;\">\n                                \t\t\t\t\t\t\t<\/div>\n\t\t\t\t\t<\/div>\n\t\t\t\t<\/div>\n\t\t\t\t<div class=\"flex-col flex-grow\">\n\t\t\t\t\t  <a href=\"https:\/\/www.finedentalcare.com\/stabilize-loose-dentures-with-mini-dental-implants-video-demo\/\" title=\"Stabilize Loose Dentures With Mini Dental Implants [Video Demo]\">Stabilize Loose Dentures With Mini Dental Implants [Video Demo]<\/a>\n\t\t\t\t   \t  <span class=\"post_comments op-7 block is-xsmall\"><a href=\"https:\/\/www.finedentalcare.com\/stabilize-loose-dentures-with-mini-dental-implants-video-demo\/#respond\"><\/a><\/span>\n\t\t\t\t<\/div>\n\t\t\t<\/div>\n\t\t<\/li>\n\t\t\n\t\t\n\t\t<li class=\"recent-blog-posts-li\">\n\t\t\t<div class=\"flex-row recent-blog-posts align-top pt-half pb-half\">\n\t\t\t\t<div class=\"flex-col mr-half\">\n\t\t\t\t\t<div class=\"badge post-date  badge-outline\">\n\t\t\t\t\t\t\t<div class=\"badge-inner bg-fill\" style=\"background: url(https:\/\/www.finedentalcare.com\/wp-content\/uploads\/2026\/04\/Clear-Aligners-in-Wayne-NJ-Video-Breakdown-Free-Consultations-280x280.jpg); border:0;\">\n                                \t\t\t\t\t\t\t<\/div>\n\t\t\t\t\t<\/div>\n\t\t\t\t<\/div>\n\t\t\t\t<div class=\"flex-col flex-grow\">\n\t\t\t\t\t  <a href=\"https:\/\/www.finedentalcare.com\/clear-aligners-vs-traditional-braces-a-video-breakdown\/\" title=\"Clear Aligners vs. Traditional Braces [A Video Breakdown]\">Clear Aligners vs. Traditional Braces [A Video Breakdown]<\/a>\n\t\t\t\t   \t  <span class=\"post_comments op-7 block is-xsmall\"><a href=\"https:\/\/www.finedentalcare.com\/clear-aligners-vs-traditional-braces-a-video-breakdown\/#respond\"><\/a><\/span>\n\t\t\t\t<\/div>\n\t\t\t<\/div>\n\t\t<\/li>\n\t\t\n\t\t\n\t\t<li class=\"recent-blog-posts-li\">\n\t\t\t<div class=\"flex-row recent-blog-posts align-top pt-half pb-half\">\n\t\t\t\t<div class=\"flex-col mr-half\">\n\t\t\t\t\t<div class=\"badge post-date  badge-outline\">\n\t\t\t\t\t\t\t<div class=\"badge-inner bg-fill\" style=\"background: url(https:\/\/www.finedentalcare.com\/wp-content\/uploads\/2026\/04\/Tooth-Loss-in-Wayne-NJ-Video-Walkthrough-Free-Implant-Consult-280x280.jpg); border:0;\">\n                                \t\t\t\t\t\t\t<\/div>\n\t\t\t\t\t<\/div>\n\t\t\t\t<\/div>\n\t\t\t\t<div class=\"flex-col flex-grow\">\n\t\t\t\t\t  <a href=\"https:\/\/www.finedentalcare.com\/tooth-loss-why-it-happens-and-what-to-do-next-video-guide\/\" title=\"Tooth Loss: Why it Happens and What To Do Next [Video Guide]\">Tooth Loss: Why it Happens and What To Do Next [Video Guide]<\/a>\n\t\t\t\t   \t  <span class=\"post_comments op-7 block is-xsmall\"><a href=\"https:\/\/www.finedentalcare.com\/tooth-loss-why-it-happens-and-what-to-do-next-video-guide\/#respond\"><\/a><\/span>\n\t\t\t\t<\/div>\n\t\t\t<\/div>\n\t\t<\/li>\n\t\t\n\t\t\n\t\t<li class=\"recent-blog-posts-li\">\n\t\t\t<div class=\"flex-row recent-blog-posts align-top pt-half pb-half\">\n\t\t\t\t<div class=\"flex-col mr-half\">\n\t\t\t\t\t<div class=\"badge post-date  badge-outline\">\n\t\t\t\t\t\t\t<div class=\"badge-inner bg-fill\" style=\"background: url(https:\/\/www.finedentalcare.com\/wp-content\/uploads\/2026\/03\/Permanent-Teeth-in-Wayne-NJ-Video-FAQs-Free-Implant-Consults-280x280.jpg); border:0;\">\n                                \t\t\t\t\t\t\t<\/div>\n\t\t\t\t\t<\/div>\n\t\t\t\t<\/div>\n\t\t\t\t<div class=\"flex-col flex-grow\">\n\t\t\t\t\t  <a href=\"https:\/\/www.finedentalcare.com\/permanent-teeth-replacement-made-affordable-with-mini-implants-video-faqs\/\" title=\"Permanent Teeth Replacement Made Affordable With Mini Implants [Video FAQs]\">Permanent Teeth Replacement Made Affordable With Mini Implants [Video FAQs]<\/a>\n\t\t\t\t   \t  <span class=\"post_comments op-7 block is-xsmall\"><a href=\"https:\/\/www.finedentalcare.com\/permanent-teeth-replacement-made-affordable-with-mini-implants-video-faqs\/#respond\"><\/a><\/span>\n\t\t\t\t<\/div>\n\t\t\t<\/div>\n\t\t<\/li>\n\t\t\n\t\t\n\t\t<li class=\"recent-blog-posts-li\">\n\t\t\t<div class=\"flex-row recent-blog-posts align-top pt-half pb-half\">\n\t\t\t\t<div class=\"flex-col mr-half\">\n\t\t\t\t\t<div class=\"badge post-date  badge-outline\">\n\t\t\t\t\t\t\t<div class=\"badge-inner bg-fill\" style=\"background: url(https:\/\/www.finedentalcare.com\/wp-content\/uploads\/2026\/03\/Full-Mouth-Reconstruction-Options-in-Wayne-NJ-Restoring-Smiles-280x280.jpg); border:0;\">\n                                \t\t\t\t\t\t\t<\/div>\n\t\t\t\t\t<\/div>\n\t\t\t\t<\/div>\n\t\t\t\t<div class=\"flex-col flex-grow\">\n\t\t\t\t\t  <a href=\"https:\/\/www.finedentalcare.com\/full-mouth-reconstruction-options-in-wayne-nj\/\" title=\"Full Mouth Reconstruction Options in Wayne, NJ\">Full Mouth Reconstruction Options in Wayne, NJ<\/a>\n\t\t\t\t   \t  <span class=\"post_comments op-7 block is-xsmall\"><a href=\"https:\/\/www.finedentalcare.com\/full-mouth-reconstruction-options-in-wayne-nj\/#respond\"><\/a><\/span>\n\t\t\t\t<\/div>\n\t\t\t<\/div>\n\t\t<\/li>\n\t\t\t\t<\/ul>\t\t<\/aside><\/ul>\n\t\t<\/div>\n\t\t\t\t\t<\/div>\n\n\t\n<\/div>\n","protected":false},"excerpt":{"rendered":"","protected":false},"author":4,"featured_media":4947,"parent":3118,"menu_order":0,"comment_status":"closed","ping_status":"closed","template":"","meta":{"rop_custom_images_group":[],"rop_custom_messages_group":[],"rop_publish_now":"initial","rop_publish_now_accounts":{"gmb_109265489736877664202_accounts\/109265489736877664202\/locations\/9174194691047100879":"","twitter_1747339366526070784_1747339366526070784":"","gmb_109265489736877664202_accounts\/109265489736877664202\/locations\/10671430698603352902":""},"rop_publish_now_history":[],"rop_publish_now_status":"pending","footnotes":""},"class_list":["post-3146","page","type-page","status-publish","has-post-thumbnail","hentry"],"yoast_head":"<!-- This site is optimized with the Yoast SEO plugin v27.4 - https:\/\/yoast.com\/product\/yoast-seo-wordpress\/ -->\n<title>Instructions Following Teeth Whitening at Fine Dental Care<\/title>\n<meta name=\"description\" content=\"Following teeth whitening treatment at Fine Dental Care, please follow these instructions to ensure optimal healing and recovery.\" \/>\n<meta name=\"robots\" content=\"index, follow, max-snippet:-1, max-image-preview:large, max-video-preview:-1\" \/>\n<link rel=\"canonical\" href=\"https:\/\/www.finedentalcare.com\/es\/instrucciones-para-el-paciente\/instrucciones-tras-el-blanqueamiento\/\" \/>\n<meta property=\"og:locale\" content=\"es_ES\" \/>\n<meta property=\"og:type\" content=\"article\" \/>\n<meta property=\"og:title\" content=\"Instructions Following Teeth Whitening at Fine Dental Care\" \/>\n<meta property=\"og:description\" content=\"Following teeth whitening treatment at Fine Dental Care, please follow these instructions to ensure optimal healing and recovery.\" \/>\n<meta property=\"og:url\" content=\"https:\/\/www.finedentalcare.com\/es\/instrucciones-para-el-paciente\/instrucciones-tras-el-blanqueamiento\/\" \/>\n<meta property=\"og:site_name\" content=\"Fine Dental Care in Wayne, NJ\" \/>\n<meta property=\"article:modified_time\" content=\"2024-09-23T16:18:52+00:00\" \/>\n<meta property=\"og:image\" content=\"https:\/\/www.finedentalcare.com\/wp-content\/uploads\/2024\/09\/Teeth-Whitening.jpg\" \/>\n\t<meta property=\"og:image:width\" content=\"500\" \/>\n\t<meta property=\"og:image:height\" content=\"333\" \/>\n\t<meta property=\"og:image:type\" content=\"image\/jpeg\" \/>\n<meta name=\"twitter:card\" content=\"summary_large_image\" \/>\n<meta name=\"twitter:label1\" content=\"Tiempo de lectura\" \/>\n\t<meta name=\"twitter:data1\" content=\"1 minuto\" \/>\n<script type=\"application\/ld+json\" class=\"yoast-schema-graph\">{\"@context\":\"https:\\\/\\\/schema.org\",\"@graph\":[{\"@type\":\"WebPage\",\"@id\":\"https:\\\/\\\/www.finedentalcare.com\\\/patient-instructions\\\/instructions-following-whitening\\\/\",\"url\":\"https:\\\/\\\/www.finedentalcare.com\\\/patient-instructions\\\/instructions-following-whitening\\\/\",\"name\":\"Instructions Following Teeth Whitening at Fine Dental Care\",\"isPartOf\":{\"@id\":\"https:\\\/\\\/www.finedentalcare.com\\\/#website\"},\"primaryImageOfPage\":{\"@id\":\"https:\\\/\\\/www.finedentalcare.com\\\/patient-instructions\\\/instructions-following-whitening\\\/#primaryimage\"},\"image\":{\"@id\":\"https:\\\/\\\/www.finedentalcare.com\\\/patient-instructions\\\/instructions-following-whitening\\\/#primaryimage\"},\"thumbnailUrl\":\"https:\\\/\\\/www.finedentalcare.com\\\/wp-content\\\/uploads\\\/2024\\\/09\\\/Teeth-Whitening.jpg\",\"datePublished\":\"2024-04-18T07:01:19+00:00\",\"dateModified\":\"2024-09-23T16:18:52+00:00\",\"description\":\"Following teeth whitening treatment at Fine Dental Care, please follow these instructions to ensure optimal healing and recovery.\",\"breadcrumb\":{\"@id\":\"https:\\\/\\\/www.finedentalcare.com\\\/patient-instructions\\\/instructions-following-whitening\\\/#breadcrumb\"},\"inLanguage\":\"es\",\"potentialAction\":[{\"@type\":\"ReadAction\",\"target\":[\"https:\\\/\\\/www.finedentalcare.com\\\/patient-instructions\\\/instructions-following-whitening\\\/\"]}]},{\"@type\":\"ImageObject\",\"inLanguage\":\"es\",\"@id\":\"https:\\\/\\\/www.finedentalcare.com\\\/patient-instructions\\\/instructions-following-whitening\\\/#primaryimage\",\"url\":\"https:\\\/\\\/www.finedentalcare.com\\\/wp-content\\\/uploads\\\/2024\\\/09\\\/Teeth-Whitening.jpg\",\"contentUrl\":\"https:\\\/\\\/www.finedentalcare.com\\\/wp-content\\\/uploads\\\/2024\\\/09\\\/Teeth-Whitening.jpg\",\"width\":500,\"height\":333,\"caption\":\"Instructions Following Teeth Whitening at Fine Dental Care\"},{\"@type\":\"BreadcrumbList\",\"@id\":\"https:\\\/\\\/www.finedentalcare.com\\\/patient-instructions\\\/instructions-following-whitening\\\/#breadcrumb\",\"itemListElement\":[{\"@type\":\"ListItem\",\"position\":1,\"name\":\"Home\",\"item\":\"https:\\\/\\\/www.finedentalcare.com\\\/\"},{\"@type\":\"ListItem\",\"position\":2,\"name\":\"Patient Instructions\",\"item\":\"https:\\\/\\\/www.finedentalcare.com\\\/patient-instructions\\\/\"},{\"@type\":\"ListItem\",\"position\":3,\"name\":\"Instructions Following Whitening\"}]},{\"@type\":\"WebSite\",\"@id\":\"https:\\\/\\\/www.finedentalcare.com\\\/#website\",\"url\":\"https:\\\/\\\/www.finedentalcare.com\\\/\",\"name\":\"Fine Dental Care in Wayne, NJ\",\"description\":\"General, Cosmetic &amp; Implant Dentistry in New Jersey\",\"publisher\":{\"@id\":\"https:\\\/\\\/www.finedentalcare.com\\\/#organization\"},\"potentialAction\":[{\"@type\":\"SearchAction\",\"target\":{\"@type\":\"EntryPoint\",\"urlTemplate\":\"https:\\\/\\\/www.finedentalcare.com\\\/?s={search_term_string}\"},\"query-input\":{\"@type\":\"PropertyValueSpecification\",\"valueRequired\":true,\"valueName\":\"search_term_string\"}}],\"inLanguage\":\"es\"},{\"@type\":\"Organization\",\"@id\":\"https:\\\/\\\/www.finedentalcare.com\\\/#organization\",\"name\":\"Mini Dental Implant Centers of America - Wayne, NJ\",\"url\":\"https:\\\/\\\/www.finedentalcare.com\\\/\",\"logo\":{\"@type\":\"ImageObject\",\"inLanguage\":\"es\",\"@id\":\"https:\\\/\\\/www.finedentalcare.com\\\/#\\\/schema\\\/logo\\\/image\\\/\",\"url\":\"https:\\\/\\\/www.finedentalcare.com\\\/wp-content\\\/uploads\\\/2024\\\/05\\\/fine-dental-care-logo.png\",\"contentUrl\":\"https:\\\/\\\/www.finedentalcare.com\\\/wp-content\\\/uploads\\\/2024\\\/05\\\/fine-dental-care-logo.png\",\"width\":1200,\"height\":676,\"caption\":\"Mini Dental Implant Centers of America - Wayne, NJ\"},\"image\":{\"@id\":\"https:\\\/\\\/www.finedentalcare.com\\\/#\\\/schema\\\/logo\\\/image\\\/\"}}]}<\/script>\n<!-- \/ Yoast SEO plugin. -->","yoast_head_json":{"title":"Instrucciones tras el blanqueamiento dental en Fine Dental Care","description":"Despu\u00e9s del tratamiento de blanqueamiento dental en Fine Dental Care, por favor, siga estas instrucciones para asegurar una curaci\u00f3n y recuperaci\u00f3n \u00f3ptimas.","robots":{"index":"index","follow":"follow","max-snippet":"max-snippet:-1","max-image-preview":"max-image-preview:large","max-video-preview":"max-video-preview:-1"},"canonical":"https:\/\/www.finedentalcare.com\/es\/instrucciones-para-el-paciente\/instrucciones-tras-el-blanqueamiento\/","og_locale":"es_ES","og_type":"article","og_title":"Instructions Following Teeth Whitening at Fine Dental Care","og_description":"Following teeth whitening treatment at Fine Dental Care, please follow these instructions to ensure optimal healing and recovery.","og_url":"https:\/\/www.finedentalcare.com\/es\/instrucciones-para-el-paciente\/instrucciones-tras-el-blanqueamiento\/","og_site_name":"Fine Dental Care in Wayne, NJ","article_modified_time":"2024-09-23T16:18:52+00:00","og_image":[{"width":500,"height":333,"url":"https:\/\/www.finedentalcare.com\/wp-content\/uploads\/2024\/09\/Teeth-Whitening.jpg","type":"image\/jpeg"}],"twitter_card":"summary_large_image","twitter_misc":{"Tiempo de lectura":"1 minuto"},"schema":{"@context":"https:\/\/schema.org","@graph":[{"@type":"WebPage","@id":"https:\/\/www.finedentalcare.com\/patient-instructions\/instructions-following-whitening\/","url":"https:\/\/www.finedentalcare.com\/patient-instructions\/instructions-following-whitening\/","name":"Instrucciones tras el blanqueamiento dental en Fine Dental Care","isPartOf":{"@id":"https:\/\/www.finedentalcare.com\/#website"},"primaryImageOfPage":{"@id":"https:\/\/www.finedentalcare.com\/patient-instructions\/instructions-following-whitening\/#primaryimage"},"image":{"@id":"https:\/\/www.finedentalcare.com\/patient-instructions\/instructions-following-whitening\/#primaryimage"},"thumbnailUrl":"https:\/\/www.finedentalcare.com\/wp-content\/uploads\/2024\/09\/Teeth-Whitening.jpg","datePublished":"2024-04-18T07:01:19+00:00","dateModified":"2024-09-23T16:18:52+00:00","description":"Despu\u00e9s del tratamiento de blanqueamiento dental en Fine Dental Care, por favor, siga estas instrucciones para asegurar una curaci\u00f3n y recuperaci\u00f3n \u00f3ptimas.","breadcrumb":{"@id":"https:\/\/www.finedentalcare.com\/patient-instructions\/instructions-following-whitening\/#breadcrumb"},"inLanguage":"es","potentialAction":[{"@type":"ReadAction","target":["https:\/\/www.finedentalcare.com\/patient-instructions\/instructions-following-whitening\/"]}]},{"@type":"ImageObject","inLanguage":"es","@id":"https:\/\/www.finedentalcare.com\/patient-instructions\/instructions-following-whitening\/#primaryimage","url":"https:\/\/www.finedentalcare.com\/wp-content\/uploads\/2024\/09\/Teeth-Whitening.jpg","contentUrl":"https:\/\/www.finedentalcare.com\/wp-content\/uploads\/2024\/09\/Teeth-Whitening.jpg","width":500,"height":333,"caption":"Instructions Following Teeth Whitening at Fine Dental Care"},{"@type":"BreadcrumbList","@id":"https:\/\/www.finedentalcare.com\/patient-instructions\/instructions-following-whitening\/#breadcrumb","itemListElement":[{"@type":"ListItem","position":1,"name":"Home","item":"https:\/\/www.finedentalcare.com\/"},{"@type":"ListItem","position":2,"name":"Patient Instructions","item":"https:\/\/www.finedentalcare.com\/patient-instructions\/"},{"@type":"ListItem","position":3,"name":"Instructions Following Whitening"}]},{"@type":"WebSite","@id":"https:\/\/www.finedentalcare.com\/#website","url":"https:\/\/www.finedentalcare.com\/","name":"Cuidado dental fino en Wayne, NJ","description":"Odontolog\u00eda general, cosm\u00e9tica y de implantes en Nueva Jersey","publisher":{"@id":"https:\/\/www.finedentalcare.com\/#organization"},"potentialAction":[{"@type":"SearchAction","target":{"@type":"EntryPoint","urlTemplate":"https:\/\/www.finedentalcare.com\/?s={search_term_string}"},"query-input":{"@type":"PropertyValueSpecification","valueRequired":true,"valueName":"search_term_string"}}],"inLanguage":"es"},{"@type":"Organization","@id":"https:\/\/www.finedentalcare.com\/#organization","name":"Mini Dental Implant Centers of America - Wayne, NJ","url":"https:\/\/www.finedentalcare.com\/","logo":{"@type":"ImageObject","inLanguage":"es","@id":"https:\/\/www.finedentalcare.com\/#\/schema\/logo\/image\/","url":"https:\/\/www.finedentalcare.com\/wp-content\/uploads\/2024\/05\/fine-dental-care-logo.png","contentUrl":"https:\/\/www.finedentalcare.com\/wp-content\/uploads\/2024\/05\/fine-dental-care-logo.png","width":1200,"height":676,"caption":"Mini Dental Implant Centers of America - Wayne, NJ"},"image":{"@id":"https:\/\/www.finedentalcare.com\/#\/schema\/logo\/image\/"}}]}},"_links":{"self":[{"href":"https:\/\/www.finedentalcare.com\/es\/wp-json\/wp\/v2\/pages\/3146","targetHints":{"allow":["GET"]}}],"collection":[{"href":"https:\/\/www.finedentalcare.com\/es\/wp-json\/wp\/v2\/pages"}],"about":[{"href":"https:\/\/www.finedentalcare.com\/es\/wp-json\/wp\/v2\/types\/page"}],"author":[{"embeddable":true,"href":"https:\/\/www.finedentalcare.com\/es\/wp-json\/wp\/v2\/users\/4"}],"replies":[{"embeddable":true,"href":"https:\/\/www.finedentalcare.com\/es\/wp-json\/wp\/v2\/comments?post=3146"}],"version-history":[{"count":0,"href":"https:\/\/www.finedentalcare.com\/es\/wp-json\/wp\/v2\/pages\/3146\/revisions"}],"up":[{"embeddable":true,"href":"https:\/\/www.finedentalcare.com\/es\/wp-json\/wp\/v2\/pages\/3118"}],"wp:featuredmedia":[{"embeddable":true,"href":"https:\/\/www.finedentalcare.com\/es\/wp-json\/wp\/v2\/media\/4947"}],"wp:attachment":[{"href":"https:\/\/www.finedentalcare.com\/es\/wp-json\/wp\/v2\/media?parent=3146"}],"curies":[{"name":"wp","href":"https:\/\/api.w.org\/{rel}","templated":true}]}}